{"id":552,"date":"2025-02-24T11:53:25","date_gmt":"2025-02-24T10:53:25","guid":{"rendered":"https:\/\/rpd.mmkt.xyz\/?page_id=552"},"modified":"2025-02-24T11:54:12","modified_gmt":"2025-02-24T10:54:12","slug":"politica-de-privacidad","status":"publish","type":"page","link":"https:\/\/www.reactivosparadiagnostico.com\/es\/politica-de-privacidad\/","title":{"rendered":"Pol\u00edtica de privacidad"},"content":{"rendered":"<style>.kb-row-layout-id552_96e210-53 > .kt-row-column-wrap{align-content:start;}:where(.kb-row-layout-id552_96e210-53 > .kt-row-column-wrap) > .wp-block-kadence-column{justify-content:start;}.kb-row-layout-id552_96e210-53 > .kt-row-column-wrap{column-gap:var(--global-kb-gap-md, 2rem);row-gap:var(--global-kb-gap-md, 2rem);padding-top:var(--global-kb-spacing-xl, 4rem);padding-bottom:var(--global-kb-spacing-xl, 4rem);grid-template-columns:minmax(0, 1fr);}.kb-row-layout-id552_96e210-53 > .kt-row-layout-overlay{opacity:0.30;}@media all and (max-width: 1024px){.kb-row-layout-id552_96e210-53 > .kt-row-column-wrap{grid-template-columns:minmax(0, 1fr);}}@media all and (max-width: 767px){.kb-row-layout-id552_96e210-53 > .kt-row-column-wrap{grid-template-columns:minmax(0, 1fr);}}<\/style><div class=\"kb-row-layout-wrap kb-row-layout-id552_96e210-53 alignnone wp-block-kadence-rowlayout\"><div class=\"kt-row-column-wrap kt-has-1-columns kt-row-layout-equal kt-tab-layout-inherit kt-mobile-layout-row kt-row-valign-top\">\n<style>.kadence-column552_08a7a1-e7 > .kt-inside-inner-col,.kadence-column552_08a7a1-e7 > .kt-inside-inner-col:before{border-top-left-radius:0px;border-top-right-radius:0px;border-bottom-right-radius:0px;border-bottom-left-radius:0px;}.kadence-column552_08a7a1-e7 > .kt-inside-inner-col{column-gap:var(--global-kb-gap-sm, 1rem);}.kadence-column552_08a7a1-e7 > .kt-inside-inner-col{flex-direction:column;}.kadence-column552_08a7a1-e7 > .kt-inside-inner-col > .aligncenter{width:100%;}.kadence-column552_08a7a1-e7 > .kt-inside-inner-col:before{opacity:0.3;}.kadence-column552_08a7a1-e7{position:relative;}@media all and (max-width: 1024px){.kadence-column552_08a7a1-e7 > .kt-inside-inner-col{flex-direction:column;}}@media all and (max-width: 767px){.kadence-column552_08a7a1-e7 > .kt-inside-inner-col{flex-direction:column;}}<\/style>\n<div class=\"wp-block-kadence-column kadence-column552_08a7a1-e7\"><div class=\"kt-inside-inner-col\"><style>.wp-block-kadence-advancedheading.kt-adv-heading552_3c7c98-b5, .wp-block-kadence-advancedheading.kt-adv-heading552_3c7c98-b5[data-kb-block=\"kb-adv-heading552_3c7c98-b5\"]{font-size:32px;font-style:normal;}.wp-block-kadence-advancedheading.kt-adv-heading552_3c7c98-b5 mark.kt-highlight, .wp-block-kadence-advancedheading.kt-adv-heading552_3c7c98-b5[data-kb-block=\"kb-adv-heading552_3c7c98-b5\"] mark.kt-highlight{font-style:normal;color:#f76a0c;-webkit-box-decoration-break:clone;box-decoration-break:clone;padding-top:0px;padding-right:0px;padding-bottom:0px;padding-left:0px;}<\/style>\n<h1 class=\"kt-adv-heading552_3c7c98-b5 wp-block-kadence-advancedheading\" data-kb-block=\"kb-adv-heading552_3c7c98-b5\">Pol\u00edtica de privacidad<\/h1>\n\n\n\n<p>REACTIVOS PARA DIAGN\u00d3STICO, S.L. (en adelante, \u201c<strong>REACTIVOS PARA DIAGN\u00d3STICO<\/strong>\u201d), es consciente de la importancia de la normativa en vigor en materia de privacidad y protecci\u00f3n de datos. En este sentido, damos mucha importancia a la protecci\u00f3n de la seguridad, integridad, veracidad y confidencialidad de los datos proporcionados por nuestros clientes y usuarios, actuando de manera responsable y transparente al respecto. La presente Pol\u00edtica de Privacidad (en adelante, \u201c<strong>La Pol\u00edtica<\/strong>\u201d) tiene por objeto informarle sobre c\u00f3mo recogemos, tratamos y protegemos los datos de car\u00e1cter personal. Asimismo, especificar la finalidad de los datos recabados, as\u00ed como los fines para los cuales pueden ser utilizados por terceros, a trav\u00e9s de http:\/\/www.reactivosparadiagnostico.com\/ (en adelante, \u201c<strong>la Plataforma<\/strong>\u201d) o por cualquier otro medio como tel\u00e9fono, correo electr\u00f3nico o correo postal.<\/p>\n\n\n\n<p>REACTIVOS PARA DIAGN\u00d3STICO manifiesta que se ha intentado proporcionar una descripci\u00f3n lo m\u00e1s sencilla y clara posible de la presente Pol\u00edtica. REACTIVOS PARA DIAGN\u00d3STICO tiene muy presente que su privacidad es importante, por lo que le recomendamos que lea nuestra Pol\u00edtica y se ponga en contacto con nosotros si tiene cualquier duda. Nuestra Pol\u00edtica se aplica a todos los servicios ofrecidos por REACTIVOS PARA DIAGN\u00d3STICO, pero excluye aquellos servicios que est\u00e1n sujetos a pol\u00edticas de privacidad independientes que no incorporan la presente Pol\u00edtica.<\/p>\n\n\n\n<p>Nuestra Pol\u00edtica no regula las actividades de tratamiento de datos de otras empresas y organizaciones que anuncien nuestros servicios y\/o productos y puedan emplear cookies, contadores de visitas y otras tecnolog\u00edas para publicar y ofrecer anuncios relevantes.<\/p>\n\n\n\n<p class=\"has--font-size\"><strong><em>Alcance de la Pol\u00edtica de Privacidad<\/em><\/strong><\/p>\n\n\n\n<p>Esta Pol\u00edtica de Privacidad se aplica a los datos proporcionados por nuestros clientes o proveedores, personas solicitantes de informaci\u00f3n, usuarios de nuestro sitio web http:\/\/www.reactivosparadiagnostico.com\/ candidatos a puestos de trabajo o terceros con los que nos podamos relacionar y cuyos datos sean necesarios para el desarrollo de nuestra actividad.<\/p>\n\n\n\n<p>El Responsable del tratamiento de sus datos es:<\/p>\n\n\n\n<ul class=\"wp-block-list\">\n<li>REACTIVOS PARA DIAGN\u00d3STICO, S.L.<\/li>\n\n\n\n<li>I.F: B60859733<\/li>\n\n\n\n<li>Direcci\u00f3n: Calle Josep Tura, Nave 24 \u2013 n\u00ba 9h 08181 Sentmenat Barcelona Espa\u00f1a<\/li>\n\n\n\n<li>Tel\u00e9fono: 937154573<\/li>\n\n\n\n<li>Correo electr\u00f3nico: dataprotection@reactivosparadiagnostico.com<\/li>\n<\/ul>\n\n\n\n<p><strong><em>\u00bfQu\u00e9 informaci\u00f3n recopilamos?<\/em><\/strong><strong><em>&nbsp;<\/em><\/strong><\/p>\n\n\n\n<p>Recopilamos informaci\u00f3n personal como por ejemplo su nombre y apellidos, tel\u00e9fono y correo electr\u00f3nico, cuando solicita informaci\u00f3n.<\/p>\n\n\n\n<p>Tambi\u00e9n recopilamos informaci\u00f3n que su navegador web nos env\u00eda en forma autom\u00e1tica cada vez que visita alguna de nuestras p\u00e1ginas web para analizar y mejorar su experiencia de uso y calidad general de nuestros servicios. Mediante la aceptaci\u00f3n de la presente Pol\u00edtica el usuario estar\u00e1 consintiendo la generaci\u00f3n de cookies para la finalidad antes mencionada y siempre respetando y conforme a la normativa aplicable en cada momento, en lo que a la pol\u00edtica de cookies se refiere.<\/p>\n\n\n\n<p>No obstante, lo anterior, en caso de que el usuario desee con posterioridad eliminar la informaci\u00f3n que se hayan almacenado en su ordenador y que necesariamente precisen de su consentimiento, podr\u00e1 hacerlo usando las herramientas que le proporcione su navegador a dichos efectos.<\/p>\n\n\n\n<p><strong><em>\u00bfCon qu\u00e9 finalidad tratamos sus datos?<\/em><\/strong><\/p>\n\n\n\n<p>Los datos que nos facilita son tratados con las siguientes finalidades (salvo que por el contexto se deduzca claramente que trataremos sus datos personales para una \u00fanica finalidad; por ejemplo, en formularios del tipo \u201csuscribirse a las&nbsp;<em>newsletters<\/em>\u201d):<\/p>\n\n\n\n<ul class=\"wp-block-list\">\n<li>Controlar los accesos a nuestras instalaciones y garantizar la seguridad de los mismos;<\/li>\n\n\n\n<li>Gestionar su relaci\u00f3n comercial con nosotros en cuanto a los servicios ofrecidos;<\/li>\n\n\n\n<li>Atender sus solicitudes de informaci\u00f3n;<\/li>\n\n\n\n<li>Conocer sus preferencias de navegaci\u00f3n en nuestras p\u00e1ginas web para poder personalizar y mejorar nuestros servicios y mantener la seguridad del sitio (seg\u00fan se le ha indicado previamente y se le rese\u00f1a en la pol\u00edtica de cookies);<\/li>\n\n\n\n<li>Mostrar los servicios y productos que puede ofertar REACTIVOS PARA DIAGN\u00d3STICO.<\/li>\n\n\n\n<li>Proporcionar acceso a las \u00e1reas de cliente de acceso restringido mediante contrase\u00f1a.<\/li>\n<\/ul>\n\n\n\n<p>Si es Ud. candidato a un puesto de trabajo sus datos pueden ser tratados con las siguientes finalidades:<\/p>\n\n\n\n<ul class=\"wp-block-list\">\n<li>Informarle de las vacantes a un puesto de trabajo que se produzcan en nuestra organizaci\u00f3n;<\/li>\n\n\n\n<li>Llevar a cabo procesos de selecci\u00f3n de personal;<\/li>\n\n\n\n<li>Solicitar referencias laborales de las personas o empresas en las que Ud. preste o haya prestado sus servicios; y<\/li>\n\n\n\n<li>En su caso, para llevar a cabo su contrataci\u00f3n como empleado.&nbsp;<strong><em>&nbsp;<\/em><\/strong><\/li>\n<\/ul>\n\n\n\n<p><strong><em>\u00bfPor cu\u00e1nto tiempo conservamos sus datos?<\/em><\/strong><\/p>\n\n\n\n<p>Si Ud. mantiene una relaci\u00f3n comercial con nosotros, los datos que haya facilitado con este prop\u00f3sito se conservar\u00e1n mientras se mantenga la relaci\u00f3n comercial y durante los a\u00f1os necesarios para cumplir con las obligaciones legales. En caso contrario, sus datos se conservar\u00e1n mientras no solicite el cese de la actividad.<\/p>\n\n\n\n<p>Si es Ud. candidato a un puesto de trabajo, los datos que nos haya proporcionado con dicha finalidad se conservar\u00e1n hasta la adjudicaci\u00f3n del puesto de trabajo o hasta que ejerza su derecho de cancelaci\u00f3n. En caso de no ejercer su derecho de cancelaci\u00f3n en el plazo de 2 a\u00f1os, sus datos ser\u00e1n cancelados autom\u00e1ticamente una vez transcurrido dicho plazo.<\/p>\n\n\n\n<p><strong><em>\u00bfCu\u00e1l es la legitimaci\u00f3n para el tratamiento de sus datos?<\/em><\/strong><\/p>\n\n\n\n<p>Estamos legitimados y facultados para tratar y procesar la informaci\u00f3n que nos proporcione, cuando dicha informaci\u00f3n sea necesaria para garantizar el env\u00edo de la informaci\u00f3n solicitada o la gesti\u00f3n de la Plataforma y, en su caso, el cumplimiento de obligaciones por imperativo legal derivadas del Derecho de la Uni\u00f3n o de los Estados miembros. REACTIVOS PARA DIAGN\u00d3STICO adoptar\u00e1 las acciones necesarias para garantizar que los datos personales que recabe, almacene y procese de los interesados sean tratados de manera l\u00edcita, leal y transparente, cumpliendo con las obligaciones que resulten del ordenamiento jur\u00eddico aplicable con motivo de su actividad.<\/p>\n\n\n\n<p>Fuera de los casos anteriores, antes de tratar sus datos siempre recabaremos su consentimiento. El consentimiento ser\u00e1 la manifestaci\u00f3n de voluntad libre, espec\u00edfica, informada e inequ\u00edvoca. Ud. tiene derecho a revocar el consentimiento prestado, sin car\u00e1cter retroactivo, en cualquier momento.<strong><em>&nbsp;<\/em><\/strong><\/p>\n\n\n\n<p><strong><em>\u00bfA qui\u00e9n comunicamos sus datos?<\/em><\/strong><\/p>\n\n\n\n<p>Sus datos podr\u00e1n ser comunicados a los socios comerciales con los que mantenemos acuerdos comerciales para la promoci\u00f3n y venta de nuestros productos, para ser tratados conforme a las finalidades antes mencionadas. Tambi\u00e9n podr\u00e1n tener acceso a sus datos aquellas entidades vinculadas con REACTIVOS PARA DIAGN\u00d3STICO.<\/p>\n\n\n\n<p>Fuera de estos casos, no cederemos sus datos a terceros, salvo que exista una obligaci\u00f3n legal.<\/p>\n\n\n\n<p><strong><em>\u00bfQu\u00e9 derechos le amparan en relaci\u00f3n al tratamiento de sus datos?&nbsp;<\/em><\/strong><em>&nbsp;<\/em><\/p>\n\n\n\n<p>Ud. tiene derecho a obtener informaci\u00f3n sobre el tratamiento que REACTIVOS PARA DIAGN\u00d3STICO realiza sobre sus datos personales. En concreto:<\/p>\n\n\n\n<ul class=\"wp-block-list\">\n<li>Tiene derecho a&nbsp;<strong>acceder<\/strong>&nbsp;a sus datos personales para conocer qu\u00e9 datos personales estamos tratando, as\u00ed como a solicitar la&nbsp;<strong>rectificaci\u00f3n<\/strong>&nbsp;de los datos inexactos o, en su caso, solicitar su&nbsp;<strong>supresi\u00f3n<\/strong>&nbsp;cuando, entre otros motivos, los datos ya no sean necesarios para los fines que fueron recogidos.<\/li>\n\n\n\n<li>En determinadas circunstancias, podr\u00e1 solicitar la&nbsp;<strong>limitaci\u00f3n del tratamiento<\/strong>&nbsp;de sus datos, en cuyo caso \u00fanicamente los conservaremos para el ejercicio o la defensa de reclamaciones.<\/li>\n\n\n\n<li>En determinadas circunstancias y por motivos relacionados con su situaci\u00f3n particular, podr\u00e1&nbsp;<strong>oponerse<\/strong>&nbsp;al tratamiento de sus datos. REACTIVOS PARA DIAGN\u00d3STICO dejar\u00e1 de tratar sus datos, salvo por motivos leg\u00edtimos imperiosos, o el ejercicio o la defensa de posibles reclamaciones.<\/li>\n\n\n\n<li>Tendr\u00e1 derecho a la&nbsp;<strong>portabilidad<\/strong>, es decir, a que los datos personales que hubiera facilitado, se transmitan directamente a otro responsable en formato estructurado, de uso com\u00fan y lectura mec\u00e1nica, cuando t\u00e9cnicamente fuera posible.<\/li>\n<\/ul>\n\n\n\n<p>Ud. puede ejercer los referidos derechos dirigiendo un&nbsp;<em>e-mail<\/em>&nbsp;a la direcci\u00f3n electr\u00f3nica&nbsp;<a href=\"mailto:dataprotection@reactivosparadiagnostico.com\">dataprotection@reactivosparadiagnostico.com<\/a>. Responderemos a sus peticiones a la mayor brevedad posible y, en todo caso, en el plazo de un (1) mes desde la recepci\u00f3n de su solicitud. En determinadas circunstancias, dicho plazo podr\u00e1 prorrogarse otros dos (2) meses, en cuyo caso le informaremos oportunamente dentro del plazo de un (1) mes desde la recepci\u00f3n de su solicitud.<\/p>\n\n\n\n<p>Si Ud. cree que el tratamiento de sus datos personales infringe la normativa sobre protecci\u00f3n de datos, o bien si cree que no hemos satisfecho el ejercicio de sus derechos, Ud. puede presentar una reclamaci\u00f3n ante la autoridad de control competente seg\u00fan su lugar de residencia. Ud. puede consultar las diferentes autoridades de control en la p\u00e1gina web de la Agencia Espa\u00f1ola de Protecci\u00f3n de Datos.<\/p>\n\n\n\n<p>En todo caso, antes de iniciar cualquier reclamaci\u00f3n, le rogamos que se ponga en contacto con nosotros mediante&nbsp;<a href=\"mailto:dataprotection@reactivosparaeldiagnostico.com\">dataprotection@reactivosparaeldiagnostico.com<\/a>&nbsp;o mediante correo postal a REACTIVOS PARA DIAGN\u00d3STICO, S.L., Calle Josep Tura, nave 24, n\u00ba 9h 08181 Sentmenat Barcelona Espa\u00f1a, &nbsp;con la finalidad de intentar solucionar cualquier discrepancia de forma amistosa.<\/p>\n\n\n\n<p><strong><em>\u00bfUd. tiene derecho a retirar su consentimiento?<\/em><\/strong><\/p>\n\n\n\n<p>S\u00ed, en cualquier momento Ud. podr\u00e1 retirar su consentimiento para el tratamiento de sus datos para una o varias de las finalidades arriba indicadas y para las que haya prestado su consentimiento, en su caso.<\/p>\n\n\n\n<p><strong><em>\u00bfCabe la opci\u00f3n a modificar la presente Pol\u00edtica de Privacidad?<\/em><\/strong><\/p>\n\n\n\n<p>Nuestra Pol\u00edtica de Privacidad se podr\u00e1 modificar en cualquier momento. No limitaremos los derechos que le correspondan con arreglo a la presente Pol\u00edtica de Privacidad ni realizaremos modificaciones de especial relevancia de la Pol\u00edtica de Privacidad sin su expreso consentimiento. Publicaremos todas las modificaciones de la presente Pol\u00edtica de Privacidad en esta p\u00e1gina y, si son significativas, efectuaremos una notificaci\u00f3n m\u00e1s destacada (por ejemplo, le enviaremos una notificaci\u00f3n por correo electr\u00f3nico si la modificaci\u00f3n afecta a determinados aspectos y en casos limitados incluso le solicitar\u00edamos nuevamente su consentimiento). Adem\u00e1s, archivaremos las versiones anteriores de la presente Pol\u00edtica de Privacidad para que puedas consultarlas.<\/p>\n<\/div><\/div>\n\n<\/div><\/div>","protected":false},"excerpt":{"rendered":"<p>Pol\u00edtica de privacidad REACTIVOS PARA DIAGN\u00d3STICO, S.L. (en adelante, \u201cREACTIVOS PARA DIAGN\u00d3STICO\u201d), es consciente de la importancia de la normativa en vigor en materia de privacidad y protecci\u00f3n de datos. En este sentido, damos mucha importancia a la protecci\u00f3n de la seguridad, integridad, veracidad y confidencialidad de los datos proporcionados por nuestros clientes y usuarios,&#8230;<\/p>\n","protected":false},"author":1,"featured_media":0,"parent":0,"menu_order":0,"comment_status":"closed","ping_status":"closed","template":"","meta":{"_kad_blocks_custom_css":"","_kad_blocks_head_custom_js":"","_kad_blocks_body_custom_js":"","_kad_blocks_footer_custom_js":"","_kad_post_transparent":"","_kad_post_title":"default","_kad_post_layout":"","_kad_post_sidebar_id":"","_kad_post_content_style":"","_kad_post_vertical_padding":"","_kad_post_feature":"","_kad_post_feature_position":"","_kad_post_header":false,"_kad_post_footer":false,"footnotes":""},"class_list":["post-552","page","type-page","status-publish","hentry"],"yoast_head":"<!-- This site is optimized with the Yoast SEO plugin v25.0 - https:\/\/yoast.com\/wordpress\/plugins\/seo\/ -->\n<title>Pol\u00edtica de privacidad - Reactivos para diagn\u00f3sticos<\/title>\n<meta name=\"robots\" content=\"index, follow, max-snippet:-1, max-image-preview:large, max-video-preview:-1\" \/>\n<link rel=\"canonical\" href=\"https:\/\/www.reactivosparadiagnostico.com\/es\/politica-de-privacidad\/\" \/>\n<meta property=\"og:locale\" content=\"es_ES\" \/>\n<meta property=\"og:type\" content=\"article\" \/>\n<meta property=\"og:title\" content=\"Pol\u00edtica de privacidad - Reactivos para diagn\u00f3sticos\" \/>\n<meta property=\"og:description\" content=\"Pol\u00edtica de privacidad REACTIVOS PARA DIAGN\u00d3STICO, S.L. (en adelante, \u201cREACTIVOS PARA DIAGN\u00d3STICO\u201d), es consciente de la importancia de la normativa en vigor en materia de privacidad y protecci\u00f3n de datos. En este sentido, damos mucha importancia a la protecci\u00f3n de la seguridad, integridad, veracidad y confidencialidad de los datos proporcionados por nuestros clientes y usuarios,...\" \/>\n<meta property=\"og:url\" content=\"https:\/\/www.reactivosparadiagnostico.com\/es\/politica-de-privacidad\/\" \/>\n<meta property=\"og:site_name\" content=\"Reactivos para diagn\u00f3sticos\" \/>\n<meta property=\"article:modified_time\" content=\"2025-02-24T10:54:12+00:00\" \/>\n<meta name=\"twitter:card\" content=\"summary_large_image\" \/>\n<meta name=\"twitter:label1\" content=\"Tiempo de lectura\" \/>\n\t<meta name=\"twitter:data1\" content=\"8 minutos\" \/>\n<script type=\"application\/ld+json\" class=\"yoast-schema-graph\">{\"@context\":\"https:\/\/schema.org\",\"@graph\":[{\"@type\":\"WebPage\",\"@id\":\"https:\/\/www.reactivosparadiagnostico.com\/es\/politica-de-privacidad\/\",\"url\":\"https:\/\/www.reactivosparadiagnostico.com\/es\/politica-de-privacidad\/\",\"name\":\"Pol\u00edtica de privacidad - Reactivos para diagn\u00f3sticos\",\"isPartOf\":{\"@id\":\"https:\/\/www.reactivosparadiagnostico.com\/es\/#website\"},\"datePublished\":\"2025-02-24T10:53:25+00:00\",\"dateModified\":\"2025-02-24T10:54:12+00:00\",\"breadcrumb\":{\"@id\":\"https:\/\/www.reactivosparadiagnostico.com\/es\/politica-de-privacidad\/#breadcrumb\"},\"inLanguage\":\"es\",\"potentialAction\":[{\"@type\":\"ReadAction\",\"target\":[\"https:\/\/www.reactivosparadiagnostico.com\/es\/politica-de-privacidad\/\"]}]},{\"@type\":\"BreadcrumbList\",\"@id\":\"https:\/\/www.reactivosparadiagnostico.com\/es\/politica-de-privacidad\/#breadcrumb\",\"itemListElement\":[{\"@type\":\"ListItem\",\"position\":1,\"name\":\"Portada\",\"item\":\"https:\/\/www.reactivosparadiagnostico.com\/es\/\"},{\"@type\":\"ListItem\",\"position\":2,\"name\":\"Pol\u00edtica de privacidad\"}]},{\"@type\":\"WebSite\",\"@id\":\"https:\/\/www.reactivosparadiagnostico.com\/es\/#website\",\"url\":\"https:\/\/www.reactivosparadiagnostico.com\/es\/\",\"name\":\"Reactivos para diagn\u00f3sticos\",\"description\":\"\",\"publisher\":{\"@id\":\"https:\/\/www.reactivosparadiagnostico.com\/es\/#organization\"},\"potentialAction\":[{\"@type\":\"SearchAction\",\"target\":{\"@type\":\"EntryPoint\",\"urlTemplate\":\"https:\/\/www.reactivosparadiagnostico.com\/es\/?s={search_term_string}\"},\"query-input\":{\"@type\":\"PropertyValueSpecification\",\"valueRequired\":true,\"valueName\":\"search_term_string\"}}],\"inLanguage\":\"es\"},{\"@type\":\"Organization\",\"@id\":\"https:\/\/www.reactivosparadiagnostico.com\/es\/#organization\",\"name\":\"Reactivos para diagn\u00f3sticos\",\"url\":\"https:\/\/www.reactivosparadiagnostico.com\/es\/\",\"logo\":{\"@type\":\"ImageObject\",\"inLanguage\":\"es\",\"@id\":\"https:\/\/www.reactivosparadiagnostico.com\/es\/#\/schema\/logo\/image\/\",\"url\":\"https:\/\/www.reactivosparadiagnostico.com\/wp-content\/uploads\/2025\/02\/logo_rpd.svg\",\"contentUrl\":\"https:\/\/www.reactivosparadiagnostico.com\/wp-content\/uploads\/2025\/02\/logo_rpd.svg\",\"width\":118,\"height\":49,\"caption\":\"Reactivos para diagn\u00f3sticos\"},\"image\":{\"@id\":\"https:\/\/www.reactivosparadiagnostico.com\/es\/#\/schema\/logo\/image\/\"}}]}<\/script>\n<!-- \/ Yoast SEO plugin. -->","yoast_head_json":{"title":"Pol\u00edtica de privacidad - Reactivos para diagn\u00f3sticos","robots":{"index":"index","follow":"follow","max-snippet":"max-snippet:-1","max-image-preview":"max-image-preview:large","max-video-preview":"max-video-preview:-1"},"canonical":"https:\/\/www.reactivosparadiagnostico.com\/es\/politica-de-privacidad\/","og_locale":"es_ES","og_type":"article","og_title":"Pol\u00edtica de privacidad - Reactivos para diagn\u00f3sticos","og_description":"Pol\u00edtica de privacidad REACTIVOS PARA DIAGN\u00d3STICO, S.L. (en adelante, \u201cREACTIVOS PARA DIAGN\u00d3STICO\u201d), es consciente de la importancia de la normativa en vigor en materia de privacidad y protecci\u00f3n de datos. En este sentido, damos mucha importancia a la protecci\u00f3n de la seguridad, integridad, veracidad y confidencialidad de los datos proporcionados por nuestros clientes y usuarios,...","og_url":"https:\/\/www.reactivosparadiagnostico.com\/es\/politica-de-privacidad\/","og_site_name":"Reactivos para diagn\u00f3sticos","article_modified_time":"2025-02-24T10:54:12+00:00","twitter_card":"summary_large_image","twitter_misc":{"Tiempo de lectura":"8 minutos"},"schema":{"@context":"https:\/\/schema.org","@graph":[{"@type":"WebPage","@id":"https:\/\/www.reactivosparadiagnostico.com\/es\/politica-de-privacidad\/","url":"https:\/\/www.reactivosparadiagnostico.com\/es\/politica-de-privacidad\/","name":"Pol\u00edtica de privacidad - Reactivos para diagn\u00f3sticos","isPartOf":{"@id":"https:\/\/www.reactivosparadiagnostico.com\/es\/#website"},"datePublished":"2025-02-24T10:53:25+00:00","dateModified":"2025-02-24T10:54:12+00:00","breadcrumb":{"@id":"https:\/\/www.reactivosparadiagnostico.com\/es\/politica-de-privacidad\/#breadcrumb"},"inLanguage":"es","potentialAction":[{"@type":"ReadAction","target":["https:\/\/www.reactivosparadiagnostico.com\/es\/politica-de-privacidad\/"]}]},{"@type":"BreadcrumbList","@id":"https:\/\/www.reactivosparadiagnostico.com\/es\/politica-de-privacidad\/#breadcrumb","itemListElement":[{"@type":"ListItem","position":1,"name":"Portada","item":"https:\/\/www.reactivosparadiagnostico.com\/es\/"},{"@type":"ListItem","position":2,"name":"Pol\u00edtica de privacidad"}]},{"@type":"WebSite","@id":"https:\/\/www.reactivosparadiagnostico.com\/es\/#website","url":"https:\/\/www.reactivosparadiagnostico.com\/es\/","name":"Reactivos para diagn\u00f3sticos","description":"","publisher":{"@id":"https:\/\/www.reactivosparadiagnostico.com\/es\/#organization"},"potentialAction":[{"@type":"SearchAction","target":{"@type":"EntryPoint","urlTemplate":"https:\/\/www.reactivosparadiagnostico.com\/es\/?s={search_term_string}"},"query-input":{"@type":"PropertyValueSpecification","valueRequired":true,"valueName":"search_term_string"}}],"inLanguage":"es"},{"@type":"Organization","@id":"https:\/\/www.reactivosparadiagnostico.com\/es\/#organization","name":"Reactivos para diagn\u00f3sticos","url":"https:\/\/www.reactivosparadiagnostico.com\/es\/","logo":{"@type":"ImageObject","inLanguage":"es","@id":"https:\/\/www.reactivosparadiagnostico.com\/es\/#\/schema\/logo\/image\/","url":"https:\/\/www.reactivosparadiagnostico.com\/wp-content\/uploads\/2025\/02\/logo_rpd.svg","contentUrl":"https:\/\/www.reactivosparadiagnostico.com\/wp-content\/uploads\/2025\/02\/logo_rpd.svg","width":118,"height":49,"caption":"Reactivos para diagn\u00f3sticos"},"image":{"@id":"https:\/\/www.reactivosparadiagnostico.com\/es\/#\/schema\/logo\/image\/"}}]}},"taxonomy_info":[],"featured_image_src_large":false,"author_info":{"display_name":"jordi","author_link":"https:\/\/www.reactivosparadiagnostico.com\/es\/author\/jordi\/"},"comment_info":"","_links":{"self":[{"href":"https:\/\/www.reactivosparadiagnostico.com\/es\/wp-json\/wp\/v2\/pages\/552","targetHints":{"allow":["GET"]}}],"collection":[{"href":"https:\/\/www.reactivosparadiagnostico.com\/es\/wp-json\/wp\/v2\/pages"}],"about":[{"href":"https:\/\/www.reactivosparadiagnostico.com\/es\/wp-json\/wp\/v2\/types\/page"}],"author":[{"embeddable":true,"href":"https:\/\/www.reactivosparadiagnostico.com\/es\/wp-json\/wp\/v2\/users\/1"}],"replies":[{"embeddable":true,"href":"https:\/\/www.reactivosparadiagnostico.com\/es\/wp-json\/wp\/v2\/comments?post=552"}],"version-history":[{"count":0,"href":"https:\/\/www.reactivosparadiagnostico.com\/es\/wp-json\/wp\/v2\/pages\/552\/revisions"}],"wp:attachment":[{"href":"https:\/\/www.reactivosparadiagnostico.com\/es\/wp-json\/wp\/v2\/media?parent=552"}],"curies":[{"name":"wp","href":"https:\/\/api.w.org\/{rel}","templated":true}]}}