{"id":187,"date":"2025-02-11T15:05:29","date_gmt":"2025-02-11T14:05:29","guid":{"rendered":"https:\/\/rpd.mmkt.xyz\/?page_id=187"},"modified":"2025-02-11T15:06:31","modified_gmt":"2025-02-11T14:06:31","slug":"accesibilidad","status":"publish","type":"page","link":"https:\/\/www.reactivosparadiagnostico.com\/es\/accesibilidad\/","title":{"rendered":"Accesibilidad"},"content":{"rendered":"<style>.kb-row-layout-id187_c12a9b-c0 > .kt-row-column-wrap{align-content:start;}:where(.kb-row-layout-id187_c12a9b-c0 > .kt-row-column-wrap) > .wp-block-kadence-column{justify-content:start;}.kb-row-layout-id187_c12a9b-c0 > .kt-row-column-wrap{column-gap:var(--global-kb-gap-md, 2rem);row-gap:var(--global-kb-gap-md, 2rem);padding-top:var(--global-kb-spacing-xl, 4rem);padding-bottom:var(--global-kb-spacing-xl, 4rem);grid-template-columns:minmax(0, 1fr);}.kb-row-layout-id187_c12a9b-c0 > .kt-row-layout-overlay{opacity:0.30;}@media all and (max-width: 1024px){.kb-row-layout-id187_c12a9b-c0 > .kt-row-column-wrap{grid-template-columns:minmax(0, 1fr);}}@media all and (max-width: 767px){.kb-row-layout-id187_c12a9b-c0 > .kt-row-column-wrap{grid-template-columns:minmax(0, 1fr);}}<\/style><div class=\"kb-row-layout-wrap kb-row-layout-id187_c12a9b-c0 alignnone wp-block-kadence-rowlayout\"><div class=\"kt-row-column-wrap kt-has-1-columns kt-row-layout-equal kt-tab-layout-inherit kt-mobile-layout-row kt-row-valign-top\">\n<style>.kadence-column187_f1626a-ea > .kt-inside-inner-col,.kadence-column187_f1626a-ea > .kt-inside-inner-col:before{border-top-left-radius:0px;border-top-right-radius:0px;border-bottom-right-radius:0px;border-bottom-left-radius:0px;}.kadence-column187_f1626a-ea > .kt-inside-inner-col{column-gap:var(--global-kb-gap-sm, 1rem);}.kadence-column187_f1626a-ea > .kt-inside-inner-col{flex-direction:column;}.kadence-column187_f1626a-ea > .kt-inside-inner-col > .aligncenter{width:100%;}.kadence-column187_f1626a-ea > .kt-inside-inner-col:before{opacity:0.3;}.kadence-column187_f1626a-ea{position:relative;}@media all and (max-width: 1024px){.kadence-column187_f1626a-ea > .kt-inside-inner-col{flex-direction:column;}}@media all and (max-width: 767px){.kadence-column187_f1626a-ea > .kt-inside-inner-col{flex-direction:column;}}<\/style>\n<div class=\"wp-block-kadence-column kadence-column187_f1626a-ea\"><div class=\"kt-inside-inner-col\"><style>.wp-block-kadence-advancedheading.kt-adv-heading187_751c7c-3b, .wp-block-kadence-advancedheading.kt-adv-heading187_751c7c-3b[data-kb-block=\"kb-adv-heading187_751c7c-3b\"]{font-size:32px;font-style:normal;}.wp-block-kadence-advancedheading.kt-adv-heading187_751c7c-3b mark.kt-highlight, .wp-block-kadence-advancedheading.kt-adv-heading187_751c7c-3b[data-kb-block=\"kb-adv-heading187_751c7c-3b\"] mark.kt-highlight{font-style:normal;color:#f76a0c;-webkit-box-decoration-break:clone;box-decoration-break:clone;padding-top:0px;padding-right:0px;padding-bottom:0px;padding-left:0px;}<\/style>\n<h1 class=\"kt-adv-heading187_751c7c-3b wp-block-kadence-advancedheading\" data-kb-block=\"kb-adv-heading187_751c7c-3b\">Accesibilidad<\/h1>\n\n\n\n<p>La declaraci\u00f3n de accesibilidad es el apartado de un sitio web donde se indica el nivel de accesibilidad del mismo e informaci\u00f3n adicional al respecto.<br>La presente declaraci\u00f3n de accesibilidad se aplica al sitio web https:\/\/www.reactivosparadiagnostico.com\/<\/p>\n\n\n\n<h2 class=\"wp-block-heading\">Situaci\u00f3n de cumplimiento<\/h2>\n\n\n\n<p>Este sitio web es parcialmente conforme con el&nbsp;<a href=\"https:\/\/www.boe.es\/diario_boe\/txt.php?id=BOE-A-2018-12699\" target=\"_blank\" rel=\"noreferrer noopener\">RD 1112\/2018<\/a>&nbsp;debido a las excepciones y a la falta de conformidad de los aspectos que se indican en el siguiente punto.<\/p>\n\n\n\n<h2 class=\"wp-block-heading\">Contenido no accesible<\/h2>\n\n\n\n<p>El contenido que se recoge a continuaci\u00f3n no es accesible por lo siguiente:<\/p>\n\n\n\n<h3 class=\"wp-block-heading\">Falta de conformidad con el RD 1112\/2018<\/h3>\n\n\n\n<p>Podr\u00edan existir errores de c\u00f3digo puntuales de edici\u00f3n en alguna p\u00e1gina web. [4.1.1 Procesamiento]<\/p>\n\n\n\n<h3 class=\"wp-block-heading\">Carga desproporcionada<\/h3>\n\n\n\n<p>No aplica.<\/p>\n\n\n\n<h3 class=\"wp-block-heading\">El contenido no entra dentro del \u00e1mbito de la legislaci\u00f3n aplicable<\/h3>\n\n\n\n<p>No aplica.<\/p>\n\n\n\n<h2 class=\"wp-block-heading\">Preparaci\u00f3n para la siguiente declaraci\u00f3n de accesibilidad<\/h2>\n\n\n\n<p>La presente declaraci\u00f3n fue preparada el 28 de junio de 2021.<\/p>\n\n\n\n<p>El m\u00e9todo empleado para preparar la declaraci\u00f3n ha sido una autoevaluaci\u00f3n llevada a cabo por el propio organismo.<\/p>\n\n\n\n<p>Observaciones y datos de contacto<\/p>\n\n\n\n<p>Puede realizar comunicaciones sobre requisitos de accesibilidad (art\u00edculo 10.2.a del RD 1112\/2018) como, por ejemplo:<\/p>\n\n\n\n<ul class=\"wp-block-list\">\n<li>Informar sobre cualquier posible incumplimiento por parte de este sitio web<\/li>\n\n\n\n<li>Transmitir otras dificultades de acceso al contenido<\/li>\n\n\n\n<li>Formular cualquier otra consulta o sugerencia de mejora relativa a la accesibilidad del sitio web<\/li>\n<\/ul>\n\n\n\n<p>a trav\u00e9s del&nbsp;formulario de contacto&nbsp;de este sitio web.<\/p>\n\n\n\n<p>Puede presentar:<\/p>\n\n\n\n<ul class=\"wp-block-list\">\n<li>Queja relativa al cumplimiento de los requisitos del RD 1112\/2018 o<\/li>\n\n\n\n<li>Solicitud de Informaci\u00f3n accesible relativa a:\n<ul class=\"wp-block-list\">\n<li>Contenidos que est\u00e1n excluidos del \u00e1mbito de aplicaci\u00f3n del RD 1112\/2018 seg\u00fan lo establecido por el art\u00edculo 3, apartado 4<\/li>\n\n\n\n<li>Contenidos que est\u00e1n exentos del cumplimiento de los requisitos de accesibilidad por imponer una carga desproporcionada<\/li>\n<\/ul>\n<\/li>\n<\/ul>\n\n\n\n<p>En la Solicitud de informaci\u00f3n accesible, se debe concretar, con toda claridad, los hechos, razones y petici\u00f3n que permitan constatar que se trata de una solicitud razonable y leg\u00edtima.<\/p>\n\n\n\n<h2 class=\"wp-block-heading\">Contenido opcional<\/h2>\n\n\n\n<p>Este portal est\u00e1 dise\u00f1ado para poder cambiar el tama\u00f1o del texto y el color, as\u00ed como el fondo de la p\u00e1gina mediante las opciones de configuraci\u00f3n est\u00e1ndar de los navegadores.<\/p>\n\n\n\n<p>Si desea cambiar el tama\u00f1o de letra del texto en los principales navegadores gr\u00e1ficos utilice los siguientes men\u00fas:<\/p>\n\n\n\n<ul class=\"wp-block-list\">\n<li>Internet Explorer, Mozilla y Firefox: Ver > Tama\u00f1o del texto<\/li>\n\n\n\n<li>Opera: Ver > Zoom<\/li>\n\n\n\n<li>Safari: Ver > Hacer el texto m\u00e1s grande<\/li>\n\n\n\n<li>Chrome: Controla la p\u00e1gina actual > Tama\u00f1o del texto<\/li>\n\n\n\n<li>Para modificar el tama\u00f1o de todo en la p\u00e1gina:\n<ul class=\"wp-block-list\">\n<li>Ctrl + + para aumentarlo<\/li>\n\n\n\n<li>Ctrl + \u2013 para disminuirlo<\/li>\n\n\n\n<li>Ctrl + 0 restaura el tama\u00f1o original del texto<\/li>\n\n\n\n<li>Si lo que quiere es anular la hoja de estilos o modificar el color del texto, puede consultar la p\u00e1gina\u00a0How to Change Text Size or Colors de la WAI, que se puede leer traducida al espa\u00f1ol en \u00bfC\u00f3mo cambiar el tama\u00f1o del texto o colores?<\/li>\n<\/ul>\n<\/li>\n<\/ul>\n<\/div><\/div>\n\n<\/div><\/div>","protected":false},"excerpt":{"rendered":"<p>Accesibilidad La declaraci\u00f3n de accesibilidad es el apartado de un sitio web donde se indica el nivel de accesibilidad del mismo e informaci\u00f3n adicional al respecto.La presente declaraci\u00f3n de accesibilidad se aplica al sitio web https:\/\/www.reactivosparadiagnostico.com\/ Situaci\u00f3n de cumplimiento Este sitio web es parcialmente conforme con el&nbsp;RD 1112\/2018&nbsp;debido a las excepciones y a la falta&#8230;<\/p>\n","protected":false},"author":1,"featured_media":0,"parent":0,"menu_order":0,"comment_status":"closed","ping_status":"closed","template":"","meta":{"_kad_blocks_custom_css":"","_kad_blocks_head_custom_js":"","_kad_blocks_body_custom_js":"","_kad_blocks_footer_custom_js":"","_kad_post_transparent":"","_kad_post_title":"","_kad_post_layout":"","_kad_post_sidebar_id":"","_kad_post_content_style":"","_kad_post_vertical_padding":"","_kad_post_feature":"","_kad_post_feature_position":"","_kad_post_header":false,"_kad_post_footer":false,"footnotes":""},"class_list":["post-187","page","type-page","status-publish","hentry"],"yoast_head":"<!-- This site is optimized with the Yoast SEO plugin v25.0 - https:\/\/yoast.com\/wordpress\/plugins\/seo\/ -->\n<title>Accesibilidad - Reactivos para diagn\u00f3sticos<\/title>\n<meta name=\"robots\" content=\"index, follow, max-snippet:-1, max-image-preview:large, max-video-preview:-1\" \/>\n<link rel=\"canonical\" href=\"https:\/\/www.reactivosparadiagnostico.com\/es\/accesibilidad\/\" \/>\n<meta property=\"og:locale\" content=\"es_ES\" \/>\n<meta property=\"og:type\" content=\"article\" \/>\n<meta property=\"og:title\" content=\"Accesibilidad - Reactivos para diagn\u00f3sticos\" \/>\n<meta property=\"og:description\" content=\"Accesibilidad La declaraci\u00f3n de accesibilidad es el apartado de un sitio web donde se indica el nivel de accesibilidad del mismo e informaci\u00f3n adicional al respecto.La presente declaraci\u00f3n de accesibilidad se aplica al sitio web https:\/\/www.reactivosparadiagnostico.com\/ Situaci\u00f3n de cumplimiento Este sitio web es parcialmente conforme con el&nbsp;RD 1112\/2018&nbsp;debido a las excepciones y a la falta...\" \/>\n<meta property=\"og:url\" content=\"https:\/\/www.reactivosparadiagnostico.com\/es\/accesibilidad\/\" \/>\n<meta property=\"og:site_name\" content=\"Reactivos para diagn\u00f3sticos\" \/>\n<meta property=\"article:modified_time\" content=\"2025-02-11T14:06:31+00:00\" \/>\n<meta name=\"twitter:card\" content=\"summary_large_image\" \/>\n<meta name=\"twitter:label1\" content=\"Tiempo de lectura\" \/>\n\t<meta name=\"twitter:data1\" content=\"2 minutos\" \/>\n<script type=\"application\/ld+json\" class=\"yoast-schema-graph\">{\"@context\":\"https:\/\/schema.org\",\"@graph\":[{\"@type\":\"WebPage\",\"@id\":\"https:\/\/www.reactivosparadiagnostico.com\/es\/accesibilidad\/\",\"url\":\"https:\/\/www.reactivosparadiagnostico.com\/es\/accesibilidad\/\",\"name\":\"Accesibilidad - Reactivos para diagn\u00f3sticos\",\"isPartOf\":{\"@id\":\"https:\/\/www.reactivosparadiagnostico.com\/es\/#website\"},\"datePublished\":\"2025-02-11T14:05:29+00:00\",\"dateModified\":\"2025-02-11T14:06:31+00:00\",\"breadcrumb\":{\"@id\":\"https:\/\/www.reactivosparadiagnostico.com\/es\/accesibilidad\/#breadcrumb\"},\"inLanguage\":\"es\",\"potentialAction\":[{\"@type\":\"ReadAction\",\"target\":[\"https:\/\/www.reactivosparadiagnostico.com\/es\/accesibilidad\/\"]}]},{\"@type\":\"BreadcrumbList\",\"@id\":\"https:\/\/www.reactivosparadiagnostico.com\/es\/accesibilidad\/#breadcrumb\",\"itemListElement\":[{\"@type\":\"ListItem\",\"position\":1,\"name\":\"Portada\",\"item\":\"https:\/\/www.reactivosparadiagnostico.com\/es\/\"},{\"@type\":\"ListItem\",\"position\":2,\"name\":\"Accesibilidad\"}]},{\"@type\":\"WebSite\",\"@id\":\"https:\/\/www.reactivosparadiagnostico.com\/es\/#website\",\"url\":\"https:\/\/www.reactivosparadiagnostico.com\/es\/\",\"name\":\"Reactivos para diagn\u00f3sticos\",\"description\":\"\",\"publisher\":{\"@id\":\"https:\/\/www.reactivosparadiagnostico.com\/es\/#organization\"},\"potentialAction\":[{\"@type\":\"SearchAction\",\"target\":{\"@type\":\"EntryPoint\",\"urlTemplate\":\"https:\/\/www.reactivosparadiagnostico.com\/es\/?s={search_term_string}\"},\"query-input\":{\"@type\":\"PropertyValueSpecification\",\"valueRequired\":true,\"valueName\":\"search_term_string\"}}],\"inLanguage\":\"es\"},{\"@type\":\"Organization\",\"@id\":\"https:\/\/www.reactivosparadiagnostico.com\/es\/#organization\",\"name\":\"Reactivos para diagn\u00f3sticos\",\"url\":\"https:\/\/www.reactivosparadiagnostico.com\/es\/\",\"logo\":{\"@type\":\"ImageObject\",\"inLanguage\":\"es\",\"@id\":\"https:\/\/www.reactivosparadiagnostico.com\/es\/#\/schema\/logo\/image\/\",\"url\":\"https:\/\/www.reactivosparadiagnostico.com\/wp-content\/uploads\/2025\/02\/logo_rpd.svg\",\"contentUrl\":\"https:\/\/www.reactivosparadiagnostico.com\/wp-content\/uploads\/2025\/02\/logo_rpd.svg\",\"width\":118,\"height\":49,\"caption\":\"Reactivos para diagn\u00f3sticos\"},\"image\":{\"@id\":\"https:\/\/www.reactivosparadiagnostico.com\/es\/#\/schema\/logo\/image\/\"}}]}<\/script>\n<!-- \/ Yoast SEO plugin. -->","yoast_head_json":{"title":"Accesibilidad - Reactivos para diagn\u00f3sticos","robots":{"index":"index","follow":"follow","max-snippet":"max-snippet:-1","max-image-preview":"max-image-preview:large","max-video-preview":"max-video-preview:-1"},"canonical":"https:\/\/www.reactivosparadiagnostico.com\/es\/accesibilidad\/","og_locale":"es_ES","og_type":"article","og_title":"Accesibilidad - Reactivos para diagn\u00f3sticos","og_description":"Accesibilidad La declaraci\u00f3n de accesibilidad es el apartado de un sitio web donde se indica el nivel de accesibilidad del mismo e informaci\u00f3n adicional al respecto.La presente declaraci\u00f3n de accesibilidad se aplica al sitio web https:\/\/www.reactivosparadiagnostico.com\/ Situaci\u00f3n de cumplimiento Este sitio web es parcialmente conforme con el&nbsp;RD 1112\/2018&nbsp;debido a las excepciones y a la falta...","og_url":"https:\/\/www.reactivosparadiagnostico.com\/es\/accesibilidad\/","og_site_name":"Reactivos para diagn\u00f3sticos","article_modified_time":"2025-02-11T14:06:31+00:00","twitter_card":"summary_large_image","twitter_misc":{"Tiempo de lectura":"2 minutos"},"schema":{"@context":"https:\/\/schema.org","@graph":[{"@type":"WebPage","@id":"https:\/\/www.reactivosparadiagnostico.com\/es\/accesibilidad\/","url":"https:\/\/www.reactivosparadiagnostico.com\/es\/accesibilidad\/","name":"Accesibilidad - Reactivos para diagn\u00f3sticos","isPartOf":{"@id":"https:\/\/www.reactivosparadiagnostico.com\/es\/#website"},"datePublished":"2025-02-11T14:05:29+00:00","dateModified":"2025-02-11T14:06:31+00:00","breadcrumb":{"@id":"https:\/\/www.reactivosparadiagnostico.com\/es\/accesibilidad\/#breadcrumb"},"inLanguage":"es","potentialAction":[{"@type":"ReadAction","target":["https:\/\/www.reactivosparadiagnostico.com\/es\/accesibilidad\/"]}]},{"@type":"BreadcrumbList","@id":"https:\/\/www.reactivosparadiagnostico.com\/es\/accesibilidad\/#breadcrumb","itemListElement":[{"@type":"ListItem","position":1,"name":"Portada","item":"https:\/\/www.reactivosparadiagnostico.com\/es\/"},{"@type":"ListItem","position":2,"name":"Accesibilidad"}]},{"@type":"WebSite","@id":"https:\/\/www.reactivosparadiagnostico.com\/es\/#website","url":"https:\/\/www.reactivosparadiagnostico.com\/es\/","name":"Reactivos para diagn\u00f3sticos","description":"","publisher":{"@id":"https:\/\/www.reactivosparadiagnostico.com\/es\/#organization"},"potentialAction":[{"@type":"SearchAction","target":{"@type":"EntryPoint","urlTemplate":"https:\/\/www.reactivosparadiagnostico.com\/es\/?s={search_term_string}"},"query-input":{"@type":"PropertyValueSpecification","valueRequired":true,"valueName":"search_term_string"}}],"inLanguage":"es"},{"@type":"Organization","@id":"https:\/\/www.reactivosparadiagnostico.com\/es\/#organization","name":"Reactivos para diagn\u00f3sticos","url":"https:\/\/www.reactivosparadiagnostico.com\/es\/","logo":{"@type":"ImageObject","inLanguage":"es","@id":"https:\/\/www.reactivosparadiagnostico.com\/es\/#\/schema\/logo\/image\/","url":"https:\/\/www.reactivosparadiagnostico.com\/wp-content\/uploads\/2025\/02\/logo_rpd.svg","contentUrl":"https:\/\/www.reactivosparadiagnostico.com\/wp-content\/uploads\/2025\/02\/logo_rpd.svg","width":118,"height":49,"caption":"Reactivos para diagn\u00f3sticos"},"image":{"@id":"https:\/\/www.reactivosparadiagnostico.com\/es\/#\/schema\/logo\/image\/"}}]}},"taxonomy_info":[],"featured_image_src_large":false,"author_info":{"display_name":"jordi","author_link":"https:\/\/www.reactivosparadiagnostico.com\/es\/author\/jordi\/"},"comment_info":"","_links":{"self":[{"href":"https:\/\/www.reactivosparadiagnostico.com\/es\/wp-json\/wp\/v2\/pages\/187","targetHints":{"allow":["GET"]}}],"collection":[{"href":"https:\/\/www.reactivosparadiagnostico.com\/es\/wp-json\/wp\/v2\/pages"}],"about":[{"href":"https:\/\/www.reactivosparadiagnostico.com\/es\/wp-json\/wp\/v2\/types\/page"}],"author":[{"embeddable":true,"href":"https:\/\/www.reactivosparadiagnostico.com\/es\/wp-json\/wp\/v2\/users\/1"}],"replies":[{"embeddable":true,"href":"https:\/\/www.reactivosparadiagnostico.com\/es\/wp-json\/wp\/v2\/comments?post=187"}],"version-history":[{"count":0,"href":"https:\/\/www.reactivosparadiagnostico.com\/es\/wp-json\/wp\/v2\/pages\/187\/revisions"}],"wp:attachment":[{"href":"https:\/\/www.reactivosparadiagnostico.com\/es\/wp-json\/wp\/v2\/media?parent=187"}],"curies":[{"name":"wp","href":"https:\/\/api.w.org\/{rel}","templated":true}]}}